{"id":8265,"date":"2020-10-06T15:10:20","date_gmt":"2020-10-06T15:10:20","guid":{"rendered":"https:\/\/e-legal-blawg.com\/?page_id=8265"},"modified":"2025-03-26T15:23:33","modified_gmt":"2025-03-26T15:23:33","slug":"mgra-links-2","status":"publish","type":"page","link":"https:\/\/e-legal-blawg.com\/en\/mgra-links-2\/","title":{"rendered":"MGRA Links"},"content":{"rendered":"\r\n<ul class=\"wp-block-list\">\r\n<li>Presid\u00eancia da Rep\u00fablica: <a href=\"https:\/\/www.presidencia.pt\/\">https:\/\/www.presidencia.pt\/<\/a><\/li>\r\n<li>Assembleia da Rep\u00fablica: <a href=\"https:\/\/www.parlamento.pt\/Paginas\/Homepage.aspx\">https:\/\/www.parlamento.pt\/Paginas\/Homepage.aspx<\/a><\/li>\r\n<li>Governo: <a href=\"https:\/\/www.portugal.gov.pt\/\">https:\/\/www.portugal.gov.pt\/<\/a><\/li>\r\n<li>Minist\u00e9rios:\r\n<ul>\r\n<li>Das Finan\u00e7as: <a href=\"https:\/\/www.portaldasfinancas.gov.pt\/\">https:\/\/www.portaldasfinancas.gov.pt\/<\/a><\/li>\r\n<li>Dos Neg\u00f3cios Estrangeiros: <a href=\"https:\/\/www.portugal.gov.pt\/pt\/gc21\/ministerios\/mae\">https:\/\/www.portugal.gov.pt\/pt\/gc21\/ministerios\/mae<\/a><\/li>\r\n<li>Da Defesa Nacional: <a href=\"https:\/\/www.defesa.gov.pt\/Pages\/Homepage.aspx\">https:\/\/www.defesa.gov.pt\/Pages\/Homepage.aspx<\/a><\/li>\r\n<li>Da Administra\u00e7\u00e3o Interna: <a href=\"https:\/\/www.portugal.gov.pt\/pt\/gc21\/ministerios\/mai\">https:\/\/www.portugal.gov.pt\/pt\/gc21\/ministerios\/mai<\/a><\/li>\r\n<li>Da Justi\u00e7a: <a href=\"https:\/\/www.portugal.gov.pt\/pt\/gc21\/ministerios\/mj\">https:\/\/www.portugal.gov.pt\/pt\/gc21\/ministerios\/mj<\/a><\/li>\r\n<li>Da Presid\u00eancia e da Moderniza\u00e7\u00e3o Administrativa: <a href=\"https:\/\/www.portugal.gov.pt\/pt\/gc21\/ministerios\/mpma\">https:\/\/www.portugal.gov.pt\/pt\/gc21\/ministerios\/mpma<\/a><\/li>\r\n<li>Da Economia: <a href=\"https:\/\/www.portugal.gov.pt\/pt\/gc21\/ministerios\/me\">https:\/\/www.portugal.gov.pt\/pt\/gc21\/ministerios\/me<\/a><\/li>\r\n<li>Do Ambiente: <a href=\"https:\/\/www.portugal.gov.pt\/pt\/gc21\/ministerios\/maac\">https:\/\/www.portugal.gov.pt\/pt\/gc21\/ministerios\/maac<\/a><\/li>\r\n<li>Da Agricultura, Florestas e Desenvolvimento Rural: <a href=\"https:\/\/www.portugal.gov.pt\/pt\/gc21\/ministerios\/cap\">https:\/\/www.portugal.gov.pt\/pt\/gc21\/ministerios\/cap<\/a><\/li>\r\n<li>Da Sa\u00fade: <a href=\"https:\/\/www.portugal.gov.pt\/pt\/gc21\/ministerios\/ms\">https:\/\/www.portugal.gov.pt\/pt\/gc21\/ministerios\/ms<\/a><\/li>\r\n<li>Da Educa\u00e7\u00e3o: <a href=\"https:\/\/www.portugal.gov.pt\/pt\/gc21\/ministerios\/me\">https:\/\/www.portugal.gov.pt\/pt\/gc21\/ministerios\/me<\/a><\/li>\r\n<li>Do Trabalho, Solidariedade e Seguran\u00e7a Social: <a href=\"https:\/\/www.portugal.gov.pt\/pt\/gc21\/ministerios\/mtsss\">https:\/\/www.portugal.gov.pt\/pt\/gc21\/ministerios\/mtsss<\/a><\/li>\r\n<\/ul>\r\n<\/li>\r\n<li>Dire\u00e7\u00f5es Gerais:\r\n<ul>\r\n<li>Dire\u00e7\u00e3o Geral de Impostos: <a href=\"https:\/\/www.portaldasfinancas.gov.pt\/pt\/inicio.action\">https:\/\/www.portaldasfinancas.gov.pt\/pt\/inicio.action<\/a><\/li>\r\n<li>Dire\u00e7\u00e3o Geral dos Registos e Notariado: <a href=\"https:\/\/www.irn.mj.pt\/\">https:\/\/www.irn.mj.pt\/<\/a><\/li>\r\n<li>Dire\u00e7\u00e3o Geral da Empresa: <a href=\"https:\/\/www.dge.mcs.gov.pt\/\">https:\/\/www.dge.mcs.gov.pt\/<\/a><\/li>\r\n<li>Dire\u00e7\u00e3o Geral do Emprego e das Rela\u00e7\u00f5es do Trabalho: <a href=\"https:\/\/www.dgert.gov.pt\/\">https:\/\/www.dgert.gov.pt\/<\/a><\/li>\r\n<li>Dire\u00e7\u00e3o Geral de Sa\u00fade: <a href=\"https:\/\/www.dgs.pt\/\">https:\/\/www.dgs.pt\/<\/a><\/li>\r\n<\/ul>\r\n<\/li>\r\n<li>Tribunais:\r\n<ul>\r\n<li>Constitucional: <a href=\"https:\/\/www.tcontas.pt\/\">https:\/\/www.tcontas.pt\/<\/a><\/li>\r\n<li>Supremo Tribunal de Justi\u00e7a: <a href=\"https:\/\/www.stj.pt\/\">https:\/\/www.stj.pt\/<\/a><\/li>\r\n<li>Supremo Tribunal Administrativo: <a href=\"https:\/\/www.sta.mj.pt\/\">https:\/\/www.sta.mj.pt\/<\/a><\/li>\r\n<li>Rela\u00e7\u00e3o de Lisboa: <a href=\"https:\/\/www.trl.mj.pt\/\">https:\/\/www.trl.mj.pt\/<\/a><\/li>\r\n<li>Rela\u00e7\u00e3o do Porto: <a href=\"https:\/\/www.trp.pt\/\">https:\/\/www.trp.pt\/<\/a><\/li>\r\n<li>Rela\u00e7\u00e3o de Coimbra: <a href=\"https:\/\/www.trc.pt\/\">https:\/\/www.trc.pt\/<\/a><\/li>\r\n<li>Rela\u00e7\u00e3o de \u00c9vora: <a href=\"https:\/\/www.tr-e.mj.pt\/\">https:\/\/www.tr-e.mj.pt\/<\/a><\/li>\r\n<li>Rela\u00e7\u00e3o de Guimar\u00e3es: <a href=\"https:\/\/www.trg.mj.pt\/\">https:\/\/www.trg.mj.pt\/<\/a><\/li>\r\n<\/ul>\r\n<\/li>\r\n<li>Uni\u00e3o Europeia:\r\n<ul>\r\n<li>Portal da Uni\u00e3o Europeia: <a href=\"https:\/\/europa.eu\/european-union\/index_pt\">https:\/\/europa.eu\/european-union\/index_pt<\/a><\/li>\r\n<li>Provedor de Justi\u00e7a das Comunidades \u2013 Provedor da Justi\u00e7a Europeu: <a href=\"https:\/\/www.ombudsman.europa.eu\/home\/pt\">https:\/\/www.ombudsman.europa.eu\/home\/pt<\/a><\/li>\r\n<\/ul>\r\n<\/li>\r\n<li>Organiza\u00e7\u00f5es Internacionais:\r\n<ul>\r\n<li>Organiza\u00e7\u00e3o das Na\u00e7\u00f5es Unidas: <a href=\"https:\/\/www.un.org\/pt\/\">https:\/\/www.un.org\/pt\/<\/a><\/li>\r\n<li>Organiza\u00e7\u00e3o Mundial de Com\u00e9rcio: <a href=\"https:\/\/www.wto.org\/\">https:\/\/www.wto.org\/<\/a><\/li>\r\n<\/ul>\r\n<\/li>\r\n<\/ul>\r\n\r\n\r\n\r\n<p><a href=\"https:\/\/mgra.pt\/\">https:\/\/mgra.pt\/<\/a><\/p>\r\n","protected":false},"excerpt":{"rendered":"<p>Presid\u00eancia da Rep\u00fablica: https:\/\/www.presidencia.pt\/ Assembleia da Rep\u00fablica: https:\/\/www.parlamento.pt\/Paginas\/Homepage.aspx Governo: https:\/\/www.portugal.gov.pt\/ Minist\u00e9rios: Das Finan\u00e7as: https:\/\/www.portaldasfinancas.gov.pt\/ Dos Neg\u00f3cios Estrangeiros: https:\/\/www.portugal.gov.pt\/pt\/gc21\/ministerios\/mae Da Defesa Nacional: https:\/\/www.defesa.gov.pt\/Pages\/Homepage.aspx Da Administra\u00e7\u00e3o Interna: https:\/\/www.portugal.gov.pt\/pt\/gc21\/ministerios\/mai Da Justi\u00e7a: https:\/\/www.portugal.gov.pt\/pt\/gc21\/ministerios\/mj Da Presid\u00eancia e da Moderniza\u00e7\u00e3o Administrativa: https:\/\/www.portugal.gov.pt\/pt\/gc21\/ministerios\/mpma Da Economia: https:\/\/www.portugal.gov.pt\/pt\/gc21\/ministerios\/me Do Ambiente: https:\/\/www.portugal.gov.pt\/pt\/gc21\/ministerios\/maac Da Agricultura, Florestas e Desenvolvimento Rural: https:\/\/www.portugal.gov.pt\/pt\/gc21\/ministerios\/cap Da Sa\u00fade: https:\/\/www.portugal.gov.pt\/pt\/gc21\/ministerios\/ms Da Educa\u00e7\u00e3o: https:\/\/www.portugal.gov.pt\/pt\/gc21\/ministerios\/me Do Trabalho, Solidariedade e Seguran\u00e7a Social: https:\/\/www.portugal.gov.pt\/pt\/gc21\/ministerios\/mtsss Dire\u00e7\u00f5es Gerais: Dire\u00e7\u00e3o Geral de Impostos: https:\/\/www.portaldasfinancas.gov.pt\/pt\/inicio.action Dire\u00e7\u00e3o Geral dos Registos e Notariado: https:\/\/www.irn.mj.pt\/ Dire\u00e7\u00e3o Geral da Empresa: https:\/\/www.dge.mcs.gov.pt\/ Dire\u00e7\u00e3o Geral do Emprego e das Rela\u00e7\u00f5es do Trabalho: https:\/\/www.dgert.gov.pt\/ Dire\u00e7\u00e3o Geral de Sa\u00fade: https:\/\/www.dgs.pt\/ Tribunais: Constitucional: https:\/\/www.tcontas.pt\/ Supremo Tribunal de Justi\u00e7a: https:\/\/www.stj.pt\/ Supremo Tribunal Administrativo: https:\/\/www.sta.mj.pt\/ Rela\u00e7\u00e3o de Lisboa: https:\/\/www.trl.mj.pt\/ Rela\u00e7\u00e3o do Porto: https:\/\/www.trp.pt\/ Rela\u00e7\u00e3o de Coimbra: https:\/\/www.trc.pt\/ Rela\u00e7\u00e3o de \u00c9vora: https:\/\/www.tr-e.mj.pt\/ Rela\u00e7\u00e3o de Guimar\u00e3es: https:\/\/www.trg.mj.pt\/ Uni\u00e3o Europeia: Portal da Uni\u00e3o Europeia: https:\/\/europa.eu\/european-union\/index_pt Provedor de Justi\u00e7a das Comunidades \u2013 Provedor da Justi\u00e7a Europeu: https:\/\/www.ombudsman.europa.eu\/home\/pt Organiza\u00e7\u00f5es Internacionais: Organiza\u00e7\u00e3o das Na\u00e7\u00f5es Unidas: https:\/\/www.un.org\/pt\/ Organiza\u00e7\u00e3o Mundial de Com\u00e9rcio: https:\/\/www.wto.org\/ https:\/\/mgra.pt\/<\/p>\n","protected":false},"author":2,"featured_media":11605,"parent":0,"menu_order":0,"comment_status":"closed","ping_status":"closed","template":"","meta":{"rs_blank_template":"","rs_page_bg_color":"","slide_template_v7":"","footnotes":""},"class_list":["post-8265","page","type-page","status-publish","has-post-thumbnail","hentry"],"_links":{"self":[{"href":"https:\/\/e-legal-blawg.com\/en\/wp-json\/wp\/v2\/pages\/8265","targetHints":{"allow":["GET"]}}],"collection":[{"href":"https:\/\/e-legal-blawg.com\/en\/wp-json\/wp\/v2\/pages"}],"about":[{"href":"https:\/\/e-legal-blawg.com\/en\/wp-json\/wp\/v2\/types\/page"}],"author":[{"embeddable":true,"href":"https:\/\/e-legal-blawg.com\/en\/wp-json\/wp\/v2\/users\/2"}],"replies":[{"embeddable":true,"href":"https:\/\/e-legal-blawg.com\/en\/wp-json\/wp\/v2\/comments?post=8265"}],"version-history":[{"count":0,"href":"https:\/\/e-legal-blawg.com\/en\/wp-json\/wp\/v2\/pages\/8265\/revisions"}],"wp:featuredmedia":[{"embeddable":true,"href":"https:\/\/e-legal-blawg.com\/en\/wp-json\/wp\/v2\/media\/11605"}],"wp:attachment":[{"href":"https:\/\/e-legal-blawg.com\/en\/wp-json\/wp\/v2\/media?parent=8265"}],"curies":[{"name":"wp","href":"https:\/\/api.w.org\/{rel}","templated":true}]}}